{"id":1328,"date":"2022-05-30T07:18:32","date_gmt":"2022-05-30T06:18:32","guid":{"rendered":"https:\/\/rtg-uae.com\/product\/add18r\/"},"modified":"2022-09-22T12:29:58","modified_gmt":"2022-09-22T11:29:58","slug":"add18r","status":"publish","type":"product","link":"https:\/\/rtg-uae.com\/fr\/product\/add18r\/","title":{"rendered":"ADD18R"},"content":{"rendered":"<ul class=\"product-card-data\">\n<li><strong>\u00a014 kW\/18 kVA Puissance maximum<\/strong><\/li>\n<li><strong>Y485BD\/17kW moteur diesel<\/strong><\/li>\n<li><strong>4.1 consommation de carburant l\/h<\/strong><\/li>\n<\/ul>\n","protected":false},"excerpt":{"rendered":"<p class=\"title\">Centrales diesel dans un bo\u00eetier anti-bruit<\/p>\n<p>Centrale \u00e9lectrique diesel fiable ADD18R (13 kW) pour fournir une alimentation \u00e9lectrique de secours, suppl\u00e9mentaire ou autonome \u00e0 diverses installations.<\/p>\n","protected":false},"featured_media":677,"comment_status":"open","ping_status":"closed","template":"","meta":[],"product_cat":[51,53],"product_tag":[],"class_list":["post-1328","product","type-product","status-publish","has-post-thumbnail","hentry","product_cat-diesel-generators-in-a-noise-protective-casing-fr","product_cat-open-type-diesel-generators-fr"],"_links":{"self":[{"href":"https:\/\/rtg-uae.com\/fr\/wp-json\/wp\/v2\/product\/1328","targetHints":{"allow":["GET"]}}],"collection":[{"href":"https:\/\/rtg-uae.com\/fr\/wp-json\/wp\/v2\/product"}],"about":[{"href":"https:\/\/rtg-uae.com\/fr\/wp-json\/wp\/v2\/types\/product"}],"replies":[{"embeddable":true,"href":"https:\/\/rtg-uae.com\/fr\/wp-json\/wp\/v2\/comments?post=1328"}],"wp:featuredmedia":[{"embeddable":true,"href":"https:\/\/rtg-uae.com\/fr\/wp-json\/wp\/v2\/media\/677"}],"wp:attachment":[{"href":"https:\/\/rtg-uae.com\/fr\/wp-json\/wp\/v2\/media?parent=1328"}],"wp:term":[{"taxonomy":"product_cat","embeddable":true,"href":"https:\/\/rtg-uae.com\/fr\/wp-json\/wp\/v2\/product_cat?post=1328"},{"taxonomy":"product_tag","embeddable":true,"href":"https:\/\/rtg-uae.com\/fr\/wp-json\/wp\/v2\/product_tag?post=1328"}],"curies":[{"name":"wp","href":"https:\/\/api.w.org\/{rel}","templated":true}]}}