{"id":1326,"date":"2022-05-30T07:22:01","date_gmt":"2022-05-30T06:22:01","guid":{"rendered":"https:\/\/rtg-uae.com\/product\/add22r\/"},"modified":"2022-09-22T12:31:26","modified_gmt":"2022-09-22T11:31:26","slug":"add22r","status":"publish","type":"product","link":"https:\/\/rtg-uae.com\/fr\/product\/add22r\/","title":{"rendered":"ADD22R"},"content":{"rendered":"<ul class=\"product-card-data\">\n<li><strong>\u00a017 kW\/22 kVA Puissance maximum<\/strong><\/li>\n<li><strong>K4100D\/30kW moteur diesel<\/strong><\/li>\n<li><strong>9.2 consommation de carburant l\/h<\/strong><\/li>\n<\/ul>\n","protected":false},"excerpt":{"rendered":"<p class=\"title\">Centrales diesel dans un bo\u00eetier anti-bruit<\/p>\n<p>Centrale \u00e9lectrique diesel fiable ADD22R (15 kW) pour fournir une alimentation \u00e9lectrique de secours, suppl\u00e9mentaire ou autonome \u00e0 diverses installations.<\/p>\n","protected":false},"featured_media":677,"comment_status":"open","ping_status":"closed","template":"","meta":[],"product_cat":[51,56,53],"product_tag":[],"class_list":["post-1326","product","type-product","status-publish","has-post-thumbnail","hentry","product_cat-diesel-generators-in-a-noise-protective-casing-fr","product_cat-diesel-generators-in-a-special-container-fr","product_cat-open-type-diesel-generators-fr"],"_links":{"self":[{"href":"https:\/\/rtg-uae.com\/fr\/wp-json\/wp\/v2\/product\/1326","targetHints":{"allow":["GET"]}}],"collection":[{"href":"https:\/\/rtg-uae.com\/fr\/wp-json\/wp\/v2\/product"}],"about":[{"href":"https:\/\/rtg-uae.com\/fr\/wp-json\/wp\/v2\/types\/product"}],"replies":[{"embeddable":true,"href":"https:\/\/rtg-uae.com\/fr\/wp-json\/wp\/v2\/comments?post=1326"}],"wp:featuredmedia":[{"embeddable":true,"href":"https:\/\/rtg-uae.com\/fr\/wp-json\/wp\/v2\/media\/677"}],"wp:attachment":[{"href":"https:\/\/rtg-uae.com\/fr\/wp-json\/wp\/v2\/media?parent=1326"}],"wp:term":[{"taxonomy":"product_cat","embeddable":true,"href":"https:\/\/rtg-uae.com\/fr\/wp-json\/wp\/v2\/product_cat?post=1326"},{"taxonomy":"product_tag","embeddable":true,"href":"https:\/\/rtg-uae.com\/fr\/wp-json\/wp\/v2\/product_tag?post=1326"}],"curies":[{"name":"wp","href":"https:\/\/api.w.org\/{rel}","templated":true}]}}