{"id":1293,"date":"2022-05-30T09:10:20","date_gmt":"2022-05-30T08:10:20","guid":{"rendered":"https:\/\/rtg-uae.com\/product\/add415swd\/"},"modified":"2022-09-22T12:21:42","modified_gmt":"2022-09-22T11:21:42","slug":"add415swd","status":"publish","type":"product","link":"https:\/\/rtg-uae.com\/fr\/product\/add415swd\/","title":{"rendered":"ADD415SWD"},"content":{"rendered":"<ul class=\"product-card-data\">\n<li><strong>330kW\/414 kVA Puissance maximum<\/strong><\/li>\n<li><strong>WLG375\/375kW moteur diesel<\/strong><\/li>\n<li><strong>71.0 consommation de carburant l\/h<\/strong><\/li>\n<\/ul>\n","protected":false},"excerpt":{"rendered":"<p class=\"title\">Centrales diesel dans un bo\u00eetier anti-bruit<\/p>\n<p>Centrale \u00e9lectrique diesel fiable ADD415SWD (375 kW) pour fournir une alimentation \u00e9lectrique de secours, suppl\u00e9mentaire ou autonome \u00e0 diverses installations.<\/p>\n<p>&nbsp;<\/p>\n","protected":false},"featured_media":681,"comment_status":"open","ping_status":"closed","template":"","meta":[],"product_cat":[51,53],"product_tag":[],"class_list":["post-1293","product","type-product","status-publish","has-post-thumbnail","hentry","product_cat-diesel-generators-in-a-noise-protective-casing-fr","product_cat-open-type-diesel-generators-fr"],"_links":{"self":[{"href":"https:\/\/rtg-uae.com\/fr\/wp-json\/wp\/v2\/product\/1293","targetHints":{"allow":["GET"]}}],"collection":[{"href":"https:\/\/rtg-uae.com\/fr\/wp-json\/wp\/v2\/product"}],"about":[{"href":"https:\/\/rtg-uae.com\/fr\/wp-json\/wp\/v2\/types\/product"}],"replies":[{"embeddable":true,"href":"https:\/\/rtg-uae.com\/fr\/wp-json\/wp\/v2\/comments?post=1293"}],"wp:featuredmedia":[{"embeddable":true,"href":"https:\/\/rtg-uae.com\/fr\/wp-json\/wp\/v2\/media\/681"}],"wp:attachment":[{"href":"https:\/\/rtg-uae.com\/fr\/wp-json\/wp\/v2\/media?parent=1293"}],"wp:term":[{"taxonomy":"product_cat","embeddable":true,"href":"https:\/\/rtg-uae.com\/fr\/wp-json\/wp\/v2\/product_cat?post=1293"},{"taxonomy":"product_tag","embeddable":true,"href":"https:\/\/rtg-uae.com\/fr\/wp-json\/wp\/v2\/product_tag?post=1293"}],"curies":[{"name":"wp","href":"https:\/\/api.w.org\/{rel}","templated":true}]}}