{"id":1250,"date":"2022-05-30T13:29:50","date_gmt":"2022-05-30T12:29:50","guid":{"rendered":"https:\/\/rtg-uae.com\/product\/add250c\/"},"modified":"2022-09-22T11:46:00","modified_gmt":"2022-09-22T10:46:00","slug":"add250c","status":"publish","type":"product","link":"https:\/\/rtg-uae.com\/fr\/product\/add250c\/","title":{"rendered":"ADD250C"},"content":{"rendered":"<ul class=\"product-card-data\">\n<li><strong>220kW\/275 kVA Puissance maximum<\/strong><\/li>\n<li><strong>6LTAA8.9-G3 moteur diesel<\/strong><\/li>\n<li><strong>39.0 consommation de carburant l\/h<\/strong><\/li>\n<\/ul>\n","protected":false},"excerpt":{"rendered":"<p class=\"title\">Centrales diesel dans un bo\u00eetier anti-bruit<\/p>\n<p>Centrale \u00e9lectrique diesel fiable ADD250C (220 kW) pour fournir une alimentation \u00e9lectrique de secours, suppl\u00e9mentaire ou autonome \u00e0 diverses installations.<\/p>\n","protected":false},"featured_media":623,"comment_status":"open","ping_status":"closed","template":"","meta":[],"product_cat":[51,53],"product_tag":[],"class_list":["post-1250","product","type-product","status-publish","has-post-thumbnail","hentry","product_cat-diesel-generators-in-a-noise-protective-casing-fr","product_cat-open-type-diesel-generators-fr"],"_links":{"self":[{"href":"https:\/\/rtg-uae.com\/fr\/wp-json\/wp\/v2\/product\/1250","targetHints":{"allow":["GET"]}}],"collection":[{"href":"https:\/\/rtg-uae.com\/fr\/wp-json\/wp\/v2\/product"}],"about":[{"href":"https:\/\/rtg-uae.com\/fr\/wp-json\/wp\/v2\/types\/product"}],"replies":[{"embeddable":true,"href":"https:\/\/rtg-uae.com\/fr\/wp-json\/wp\/v2\/comments?post=1250"}],"wp:featuredmedia":[{"embeddable":true,"href":"https:\/\/rtg-uae.com\/fr\/wp-json\/wp\/v2\/media\/623"}],"wp:attachment":[{"href":"https:\/\/rtg-uae.com\/fr\/wp-json\/wp\/v2\/media?parent=1250"}],"wp:term":[{"taxonomy":"product_cat","embeddable":true,"href":"https:\/\/rtg-uae.com\/fr\/wp-json\/wp\/v2\/product_cat?post=1250"},{"taxonomy":"product_tag","embeddable":true,"href":"https:\/\/rtg-uae.com\/fr\/wp-json\/wp\/v2\/product_tag?post=1250"}],"curies":[{"name":"wp","href":"https:\/\/api.w.org\/{rel}","templated":true}]}}