{"id":1230,"date":"2022-05-30T14:19:02","date_gmt":"2022-05-30T13:19:02","guid":{"rendered":"https:\/\/rtg-uae.com\/product\/add800c\/"},"modified":"2022-09-22T11:48:13","modified_gmt":"2022-09-22T10:48:13","slug":"add800c","status":"publish","type":"product","link":"https:\/\/rtg-uae.com\/fr\/product\/add800c\/","title":{"rendered":"ADD800C"},"content":{"rendered":"<ul class=\"product-card-data\">\n<li><strong>704kW\/880 kVA Puissance maximum<\/strong><\/li>\n<li><strong>KTA38-G2B moteur diesel<\/strong><\/li>\n<li><strong>128.0 consommation de carburant l\/h<\/strong><\/li>\n<\/ul>\n","protected":false},"excerpt":{"rendered":"<p class=\"title\">Centrales diesel dans un bo\u00eetier anti-bruit<\/p>\n<p>Centrale \u00e9lectrique diesel fiable ADD750C (660 kW) pour fournir une alimentation \u00e9lectrique de secours, suppl\u00e9mentaire ou autonome \u00e0 diverses installations.<\/p>\n","protected":false},"featured_media":623,"comment_status":"open","ping_status":"closed","template":"","meta":[],"product_cat":[51,53],"product_tag":[],"class_list":["post-1230","product","type-product","status-publish","has-post-thumbnail","hentry","product_cat-diesel-generators-in-a-noise-protective-casing-fr","product_cat-open-type-diesel-generators-fr"],"_links":{"self":[{"href":"https:\/\/rtg-uae.com\/fr\/wp-json\/wp\/v2\/product\/1230","targetHints":{"allow":["GET"]}}],"collection":[{"href":"https:\/\/rtg-uae.com\/fr\/wp-json\/wp\/v2\/product"}],"about":[{"href":"https:\/\/rtg-uae.com\/fr\/wp-json\/wp\/v2\/types\/product"}],"replies":[{"embeddable":true,"href":"https:\/\/rtg-uae.com\/fr\/wp-json\/wp\/v2\/comments?post=1230"}],"wp:featuredmedia":[{"embeddable":true,"href":"https:\/\/rtg-uae.com\/fr\/wp-json\/wp\/v2\/media\/623"}],"wp:attachment":[{"href":"https:\/\/rtg-uae.com\/fr\/wp-json\/wp\/v2\/media?parent=1230"}],"wp:term":[{"taxonomy":"product_cat","embeddable":true,"href":"https:\/\/rtg-uae.com\/fr\/wp-json\/wp\/v2\/product_cat?post=1230"},{"taxonomy":"product_tag","embeddable":true,"href":"https:\/\/rtg-uae.com\/fr\/wp-json\/wp\/v2\/product_tag?post=1230"}],"curies":[{"name":"wp","href":"https:\/\/api.w.org\/{rel}","templated":true}]}}