{"id":1193,"date":"2022-06-01T08:16:19","date_gmt":"2022-06-01T07:16:19","guid":{"rendered":"https:\/\/rtg-uae.com\/product\/add325c-on-chassis\/"},"modified":"2022-09-22T08:09:28","modified_gmt":"2022-09-22T07:09:28","slug":"add325c-on-chassis","status":"publish","type":"product","link":"https:\/\/rtg-uae.com\/fr\/product\/add325c-on-chassis\/","title":{"rendered":"ADD325C sur ch\u00e2ssis \u00e0 roues"},"content":{"rendered":"<ul class=\"product-card-data\">\n<li><strong>285kW\/357 kVA Puissance maximum<\/strong><\/li>\n<li><strong>6LTAA9.5-G2 moteur diesel<\/strong><\/li>\n<li><strong>55.0 consommation de carburant l\/h<\/strong><\/li>\n<\/ul>\n","protected":false},"excerpt":{"rendered":"<p class=\"title\">Centrales diesel dans un bo\u00eetier anti-bruit<\/p>\n<p>Centrale \u00e9lectrique diesel fiable ADD325C (285 kW) pour fournir une alimentation \u00e9lectrique de secours, suppl\u00e9mentaire ou autonome \u00e0 diverses installations.<\/p>\n","protected":false},"featured_media":643,"comment_status":"open","ping_status":"closed","template":"","meta":[],"product_cat":[55],"product_tag":[],"class_list":["post-1193","product","type-product","status-publish","has-post-thumbnail","hentry","product_cat-diesel-generators-on-a-wheeled-chassis-fr"],"_links":{"self":[{"href":"https:\/\/rtg-uae.com\/fr\/wp-json\/wp\/v2\/product\/1193","targetHints":{"allow":["GET"]}}],"collection":[{"href":"https:\/\/rtg-uae.com\/fr\/wp-json\/wp\/v2\/product"}],"about":[{"href":"https:\/\/rtg-uae.com\/fr\/wp-json\/wp\/v2\/types\/product"}],"replies":[{"embeddable":true,"href":"https:\/\/rtg-uae.com\/fr\/wp-json\/wp\/v2\/comments?post=1193"}],"wp:featuredmedia":[{"embeddable":true,"href":"https:\/\/rtg-uae.com\/fr\/wp-json\/wp\/v2\/media\/643"}],"wp:attachment":[{"href":"https:\/\/rtg-uae.com\/fr\/wp-json\/wp\/v2\/media?parent=1193"}],"wp:term":[{"taxonomy":"product_cat","embeddable":true,"href":"https:\/\/rtg-uae.com\/fr\/wp-json\/wp\/v2\/product_cat?post=1193"},{"taxonomy":"product_tag","embeddable":true,"href":"https:\/\/rtg-uae.com\/fr\/wp-json\/wp\/v2\/product_tag?post=1193"}],"curies":[{"name":"wp","href":"https:\/\/api.w.org\/{rel}","templated":true}]}}