{"id":1151,"date":"2022-06-01T08:44:03","date_gmt":"2022-06-01T07:44:03","guid":{"rendered":"https:\/\/rtg-uae.com\/product\/add1000swd-on-chassis\/"},"modified":"2022-09-21T13:30:12","modified_gmt":"2022-09-21T12:30:12","slug":"add1000swd-on-chassis","status":"publish","type":"product","link":"https:\/\/rtg-uae.com\/fr\/product\/add1000swd-on-chassis\/","title":{"rendered":"ADD1000SWD sur ch\u00e2ssis \u00e0 roues"},"content":{"rendered":"<ul class=\"product-card-data\">\n<li><strong>800kW\/1000 kVA Puissance maximum<\/strong><\/li>\n<li><strong>WLV886\/886kW moteur diesel<\/strong><\/li>\n<li><strong>112.0 consommation de carburant l\/h<\/strong><\/li>\n<\/ul>\n","protected":false},"excerpt":{"rendered":"<p class=\"title\">Centrales diesel sur ch\u00e2ssis \u00e0 roues<\/p>\n<p>Centrale \u00e9lectrique diesel fiable ADD1000SWD (886 kW) pour fournir une alimentation \u00e9lectrique de secours, suppl\u00e9mentaire ou autonome \u00e0 diverses installations.<\/p>\n","protected":false},"featured_media":643,"comment_status":"open","ping_status":"closed","template":"","meta":[],"product_cat":[55],"product_tag":[],"class_list":["post-1151","product","type-product","status-publish","has-post-thumbnail","hentry","product_cat-diesel-generators-on-a-wheeled-chassis-fr"],"_links":{"self":[{"href":"https:\/\/rtg-uae.com\/fr\/wp-json\/wp\/v2\/product\/1151","targetHints":{"allow":["GET"]}}],"collection":[{"href":"https:\/\/rtg-uae.com\/fr\/wp-json\/wp\/v2\/product"}],"about":[{"href":"https:\/\/rtg-uae.com\/fr\/wp-json\/wp\/v2\/types\/product"}],"replies":[{"embeddable":true,"href":"https:\/\/rtg-uae.com\/fr\/wp-json\/wp\/v2\/comments?post=1151"}],"wp:featuredmedia":[{"embeddable":true,"href":"https:\/\/rtg-uae.com\/fr\/wp-json\/wp\/v2\/media\/643"}],"wp:attachment":[{"href":"https:\/\/rtg-uae.com\/fr\/wp-json\/wp\/v2\/media?parent=1151"}],"wp:term":[{"taxonomy":"product_cat","embeddable":true,"href":"https:\/\/rtg-uae.com\/fr\/wp-json\/wp\/v2\/product_cat?post=1151"},{"taxonomy":"product_tag","embeddable":true,"href":"https:\/\/rtg-uae.com\/fr\/wp-json\/wp\/v2\/product_tag?post=1151"}],"curies":[{"name":"wp","href":"https:\/\/api.w.org\/{rel}","templated":true}]}}