{"id":1130,"date":"2022-06-01T08:50:15","date_gmt":"2022-06-01T07:50:15","guid":{"rendered":"https:\/\/rtg-uae.com\/product\/add150r-on-chassis\/"},"modified":"2022-09-21T12:31:30","modified_gmt":"2022-09-21T11:31:30","slug":"add150r-on-chassis","status":"publish","type":"product","link":"https:\/\/rtg-uae.com\/fr\/product\/add150r-on-chassis\/","title":{"rendered":"ADD150R sur ch\u00e2ssis \u00e0 roues"},"content":{"rendered":"<ul class=\"product-card-data\">\n<li><strong>121kW\/150 kVA Puissance maximum<\/strong><\/li>\n<li><strong>R6105AZLD\/121kW moteur diesel<\/strong><\/li>\n<li><strong>31.1 consommation de carburant l\/h<\/strong><\/li>\n<\/ul>\n","protected":false},"excerpt":{"rendered":"<p class=\"title\">Centrales diesel sur ch\u00e2ssis \u00e0 roues<\/p>\n<p>Centrale \u00e9lectrique diesel fiable ADD150R (121 kW) pour fournir une alimentation \u00e9lectrique de secours, suppl\u00e9mentaire ou autonome \u00e0 diverses installations.<\/p>\n","protected":false},"featured_media":643,"comment_status":"open","ping_status":"closed","template":"","meta":[],"product_cat":[55],"product_tag":[],"class_list":["post-1130","product","type-product","status-publish","has-post-thumbnail","hentry","product_cat-diesel-generators-on-a-wheeled-chassis-fr"],"_links":{"self":[{"href":"https:\/\/rtg-uae.com\/fr\/wp-json\/wp\/v2\/product\/1130","targetHints":{"allow":["GET"]}}],"collection":[{"href":"https:\/\/rtg-uae.com\/fr\/wp-json\/wp\/v2\/product"}],"about":[{"href":"https:\/\/rtg-uae.com\/fr\/wp-json\/wp\/v2\/types\/product"}],"replies":[{"embeddable":true,"href":"https:\/\/rtg-uae.com\/fr\/wp-json\/wp\/v2\/comments?post=1130"}],"wp:featuredmedia":[{"embeddable":true,"href":"https:\/\/rtg-uae.com\/fr\/wp-json\/wp\/v2\/media\/643"}],"wp:attachment":[{"href":"https:\/\/rtg-uae.com\/fr\/wp-json\/wp\/v2\/media?parent=1130"}],"wp:term":[{"taxonomy":"product_cat","embeddable":true,"href":"https:\/\/rtg-uae.com\/fr\/wp-json\/wp\/v2\/product_cat?post=1130"},{"taxonomy":"product_tag","embeddable":true,"href":"https:\/\/rtg-uae.com\/fr\/wp-json\/wp\/v2\/product_tag?post=1130"}],"curies":[{"name":"wp","href":"https:\/\/api.w.org\/{rel}","templated":true}]}}