{"id":1126,"date":"2022-06-01T08:51:19","date_gmt":"2022-06-01T07:51:19","guid":{"rendered":"https:\/\/rtg-uae.com\/product\/add90r-on-chassis\/"},"modified":"2022-09-21T12:27:49","modified_gmt":"2022-09-21T11:27:49","slug":"add90r-on-chassis","status":"publish","type":"product","link":"https:\/\/rtg-uae.com\/fr\/product\/add90r-on-chassis\/","title":{"rendered":"ADD90R sur ch\u00e2ssis \u00e0 roues"},"content":{"rendered":"<ul class=\"product-card-data\">\n<li><strong>72kW\/90 kVA Puissance maximum<\/strong><\/li>\n<li><strong>R6105ZD\/84kW moteur diesel<\/strong><\/li>\n<li><strong>22.5 consommation de carburant l\/h<\/strong><\/li>\n<\/ul>\n","protected":false},"excerpt":{"rendered":"<p class=\"title\">Centrales diesel sur ch\u00e2ssis \u00e0 roues<\/p>\n<p>Centrale \u00e9lectrique diesel fiable ADD90R (84 kW) pour fournir une alimentation \u00e9lectrique de secours, suppl\u00e9mentaire ou autonome \u00e0 diverses installations.<\/p>\n","protected":false},"featured_media":643,"comment_status":"open","ping_status":"closed","template":"","meta":[],"product_cat":[55],"product_tag":[],"class_list":["post-1126","product","type-product","status-publish","has-post-thumbnail","hentry","product_cat-diesel-generators-on-a-wheeled-chassis-fr"],"_links":{"self":[{"href":"https:\/\/rtg-uae.com\/fr\/wp-json\/wp\/v2\/product\/1126","targetHints":{"allow":["GET"]}}],"collection":[{"href":"https:\/\/rtg-uae.com\/fr\/wp-json\/wp\/v2\/product"}],"about":[{"href":"https:\/\/rtg-uae.com\/fr\/wp-json\/wp\/v2\/types\/product"}],"replies":[{"embeddable":true,"href":"https:\/\/rtg-uae.com\/fr\/wp-json\/wp\/v2\/comments?post=1126"}],"wp:featuredmedia":[{"embeddable":true,"href":"https:\/\/rtg-uae.com\/fr\/wp-json\/wp\/v2\/media\/643"}],"wp:attachment":[{"href":"https:\/\/rtg-uae.com\/fr\/wp-json\/wp\/v2\/media?parent=1126"}],"wp:term":[{"taxonomy":"product_cat","embeddable":true,"href":"https:\/\/rtg-uae.com\/fr\/wp-json\/wp\/v2\/product_cat?post=1126"},{"taxonomy":"product_tag","embeddable":true,"href":"https:\/\/rtg-uae.com\/fr\/wp-json\/wp\/v2\/product_tag?post=1126"}],"curies":[{"name":"wp","href":"https:\/\/api.w.org\/{rel}","templated":true}]}}