{"id":1081,"date":"2022-06-07T09:08:41","date_gmt":"2022-06-07T08:08:41","guid":{"rendered":"https:\/\/rtg-uae.com\/product\/add325c-in-a-special-container\/"},"modified":"2022-09-20T11:26:54","modified_gmt":"2022-09-20T10:26:54","slug":"add325c-in-a-special-container","status":"publish","type":"product","link":"https:\/\/rtg-uae.com\/fr\/product\/add325c-in-a-special-container\/","title":{"rendered":"ADD325C dans un conteneur sp\u00e9cial"},"content":{"rendered":"<ul class=\"product-card-data\">\n<li><strong>285kW\/357 kVA\u00a0 Puissance maximum<\/strong><\/li>\n<li><strong>6LTAA9.5-G2 moteur diesel<\/strong><\/li>\n<li><strong>55.0\u00a0 consommation de carburant l\/h<\/strong><\/li>\n<\/ul>\n","protected":false},"excerpt":{"rendered":"<p class=\"title\">Centrales diesel dans un bo\u00eetier anti-bruit<\/p>\n<p>Centrale \u00e9lectrique diesel fiable ADD325C (285 kW) pour fournir une alimentation \u00e9lectrique de secours, suppl\u00e9mentaire ou autonome \u00e0 diverses installations.<\/p>\n<p>&nbsp;<\/p>\n","protected":false},"featured_media":805,"comment_status":"open","ping_status":"closed","template":"","meta":[],"product_cat":[56],"product_tag":[],"class_list":["post-1081","product","type-product","status-publish","has-post-thumbnail","hentry","product_cat-diesel-generators-in-a-special-container-fr"],"_links":{"self":[{"href":"https:\/\/rtg-uae.com\/fr\/wp-json\/wp\/v2\/product\/1081","targetHints":{"allow":["GET"]}}],"collection":[{"href":"https:\/\/rtg-uae.com\/fr\/wp-json\/wp\/v2\/product"}],"about":[{"href":"https:\/\/rtg-uae.com\/fr\/wp-json\/wp\/v2\/types\/product"}],"replies":[{"embeddable":true,"href":"https:\/\/rtg-uae.com\/fr\/wp-json\/wp\/v2\/comments?post=1081"}],"wp:featuredmedia":[{"embeddable":true,"href":"https:\/\/rtg-uae.com\/fr\/wp-json\/wp\/v2\/media\/805"}],"wp:attachment":[{"href":"https:\/\/rtg-uae.com\/fr\/wp-json\/wp\/v2\/media?parent=1081"}],"wp:term":[{"taxonomy":"product_cat","embeddable":true,"href":"https:\/\/rtg-uae.com\/fr\/wp-json\/wp\/v2\/product_cat?post=1081"},{"taxonomy":"product_tag","embeddable":true,"href":"https:\/\/rtg-uae.com\/fr\/wp-json\/wp\/v2\/product_tag?post=1081"}],"curies":[{"name":"wp","href":"https:\/\/api.w.org\/{rel}","templated":true}]}}