{"id":1063,"date":"2022-06-07T12:34:49","date_gmt":"2022-06-07T11:34:49","guid":{"rendered":"https:\/\/rtg-uae.com\/product\/add125c-in-a-special-container\/"},"modified":"2022-09-20T10:12:48","modified_gmt":"2022-09-20T09:12:48","slug":"add125c-in-a-special-container","status":"publish","type":"product","link":"https:\/\/rtg-uae.com\/fr\/product\/add125c-in-a-special-container\/","title":{"rendered":"ADD125C dans un conteneur sp\u00e9cial"},"content":{"rendered":"<ul class=\"product-card-data\">\n<li><strong>110kW\/138 kVA\u00a0 Puissance maximum<\/strong><\/li>\n<li><strong>6BTA5.9-G2 moteur diesel<\/strong><\/li>\n<li><strong>23.0\u00a0 consommation de carburant l\/h<\/strong><\/li>\n<\/ul>\n","protected":false},"excerpt":{"rendered":"<p class=\"title\">Centrales diesel dans un bo\u00eetier anti-bruit<\/p>\n<p>Centrale \u00e9lectrique diesel fiable ADD125C (138 kW) pour fournir une alimentation \u00e9lectrique de secours, suppl\u00e9mentaire ou autonome \u00e0 diverses installations.<\/p>\n","protected":false},"featured_media":805,"comment_status":"open","ping_status":"closed","template":"","meta":[],"product_cat":[56],"product_tag":[],"class_list":["post-1063","product","type-product","status-publish","has-post-thumbnail","hentry","product_cat-diesel-generators-in-a-special-container-fr"],"_links":{"self":[{"href":"https:\/\/rtg-uae.com\/fr\/wp-json\/wp\/v2\/product\/1063","targetHints":{"allow":["GET"]}}],"collection":[{"href":"https:\/\/rtg-uae.com\/fr\/wp-json\/wp\/v2\/product"}],"about":[{"href":"https:\/\/rtg-uae.com\/fr\/wp-json\/wp\/v2\/types\/product"}],"replies":[{"embeddable":true,"href":"https:\/\/rtg-uae.com\/fr\/wp-json\/wp\/v2\/comments?post=1063"}],"wp:featuredmedia":[{"embeddable":true,"href":"https:\/\/rtg-uae.com\/fr\/wp-json\/wp\/v2\/media\/805"}],"wp:attachment":[{"href":"https:\/\/rtg-uae.com\/fr\/wp-json\/wp\/v2\/media?parent=1063"}],"wp:term":[{"taxonomy":"product_cat","embeddable":true,"href":"https:\/\/rtg-uae.com\/fr\/wp-json\/wp\/v2\/product_cat?post=1063"},{"taxonomy":"product_tag","embeddable":true,"href":"https:\/\/rtg-uae.com\/fr\/wp-json\/wp\/v2\/product_tag?post=1063"}],"curies":[{"name":"wp","href":"https:\/\/api.w.org\/{rel}","templated":true}]}}