{"id":1016,"date":"2022-06-07T13:20:44","date_gmt":"2022-06-07T12:20:44","guid":{"rendered":"https:\/\/rtg-uae.com\/product\/add110r-in-a-special-container\/"},"modified":"2022-09-20T07:11:02","modified_gmt":"2022-09-20T06:11:02","slug":"add110r-in-a-special-container","status":"publish","type":"product","link":"https:\/\/rtg-uae.com\/fr\/product\/add110r-in-a-special-container\/","title":{"rendered":"ADD110R dans un conteneur sp\u00e9cial"},"content":{"rendered":"<ul class=\"product-card-data\">\n<li><strong>88kW\/110 kVA Puissance maximum<\/strong><\/li>\n<li><strong>R6105AZLD\/121kW moteur diesel<\/strong><\/li>\n<li><strong>22.5 consommation de carburant l\/h<\/strong><\/li>\n<\/ul>\n","protected":false},"excerpt":{"rendered":"<p class=\"title\">Centrales diesel dans un bo\u00eetier anti-bruit<\/p>\n<p>Centrale \u00e9lectrique diesel fiable ADD110R (121 kW) pour fournir une alimentation \u00e9lectrique de secours, suppl\u00e9mentaire ou autonome \u00e0 diverses installations.<\/p>\n","protected":false},"featured_media":805,"comment_status":"open","ping_status":"closed","template":"","meta":[],"product_cat":[56],"product_tag":[],"class_list":["post-1016","product","type-product","status-publish","has-post-thumbnail","hentry","product_cat-diesel-generators-in-a-special-container-fr"],"_links":{"self":[{"href":"https:\/\/rtg-uae.com\/fr\/wp-json\/wp\/v2\/product\/1016","targetHints":{"allow":["GET"]}}],"collection":[{"href":"https:\/\/rtg-uae.com\/fr\/wp-json\/wp\/v2\/product"}],"about":[{"href":"https:\/\/rtg-uae.com\/fr\/wp-json\/wp\/v2\/types\/product"}],"replies":[{"embeddable":true,"href":"https:\/\/rtg-uae.com\/fr\/wp-json\/wp\/v2\/comments?post=1016"}],"wp:featuredmedia":[{"embeddable":true,"href":"https:\/\/rtg-uae.com\/fr\/wp-json\/wp\/v2\/media\/805"}],"wp:attachment":[{"href":"https:\/\/rtg-uae.com\/fr\/wp-json\/wp\/v2\/media?parent=1016"}],"wp:term":[{"taxonomy":"product_cat","embeddable":true,"href":"https:\/\/rtg-uae.com\/fr\/wp-json\/wp\/v2\/product_cat?post=1016"},{"taxonomy":"product_tag","embeddable":true,"href":"https:\/\/rtg-uae.com\/fr\/wp-json\/wp\/v2\/product_tag?post=1016"}],"curies":[{"name":"wp","href":"https:\/\/api.w.org\/{rel}","templated":true}]}}